{"id":2903,"date":"2024-05-29T17:50:57","date_gmt":"2024-05-29T17:50:57","guid":{"rendered":"https:\/\/jnw.me\/?page_id=2903"},"modified":"2024-06-05T15:54:43","modified_gmt":"2024-06-05T15:54:43","slug":"politique","status":"publish","type":"page","link":"https:\/\/jnw.me\/fr\/politique\/","title":{"rendered":"Politique"},"content":{"rendered":"<p>Pour de plus amples informations sur notre politique en mati\u00e8re de cookies ou sur la mani\u00e8re de g\u00e9rer vos pr\u00e9f\u00e9rences en mati\u00e8re de cookies, veuillez nous contacter \u00e0 l&#8217;adresse john@jnw.me.<\/p>\n\n\n\n<p>Modifications de notre politique en mati\u00e8re de cookies : Nous nous r\u00e9servons le droit de modifier cette politique \u00e0 tout moment pour refl\u00e9ter les changements dans nos pratiques ou pour d&#8217;autres raisons op\u00e9rationnelles, juridiques ou r\u00e9glementaires.<\/p>\n\n\n\n<p>Merci d&#8217;avoir choisi JNW pour r\u00e9pondre \u00e0 vos besoins.<\/p>\n\n\n\n<p>Je vais certainement r\u00e9viser la politique pour inclure que les visiteurs doivent confirmer les cookies pour naviguer sur le site web, en mentionnant \u00e9galement l&#8217;aspect de la s\u00e9curit\u00e9.<\/p>\n\n\n\n<p>Politique de JNW en mati\u00e8re de cookies<\/p>\n\n\n\n<p>Bienvenue chez JNW. Afin de garantir une exp\u00e9rience optimale sur notre site web et d&#8217;en am\u00e9liorer la s\u00e9curit\u00e9, nous demandons \u00e0 nos visiteurs d&#8217;accepter l&#8217;utilisation de cookies. Un cookie est un petit fichier texte qui est plac\u00e9 sur votre ordinateur ou votre appareil mobile lorsque vous visitez un site.<\/p>\n\n\n\n<p>Objectif des cookies : Chez JNW, nous utilisons les cookies non seulement pour recueillir des informations sur l&#8217;origine et l&#8217;identit\u00e9 des visiteurs de notre site, mais aussi comme un \u00e9l\u00e9ment essentiel de nos mesures de s\u00e9curit\u00e9. Ces pratiques nous aident \u00e0 prot\u00e9ger notre site web et vos informations personnelles.<\/p>\n\n\n\n<p>Acceptation obligatoire : Pour continuer \u00e0 naviguer sur notre site web, vous devez confirmer votre acceptation de nos cookies. Cette confirmation nous aide \u00e0 vous offrir une exp\u00e9rience de navigation s\u00e9curis\u00e9e, efficace et personnalis\u00e9e.<\/p>\n\n\n\n<p>Ce que nous recueillons : Gr\u00e2ce aux cookies, nous recueillons des informations qui nous aident \u00e0 comprendre qui visite notre site web et d&#8217;o\u00f9, ce qui nous permet d&#8217;adapter notre contenu et d&#8217;am\u00e9liorer la s\u00e9curit\u00e9. Nous n&#8217;utilisons pas les cookies \u00e0 des fins publicitaires et nous ne partageons pas ces informations avec des tiers \u00e0 des fins de marketing.<\/p>\n\n\n\n<p>Vos choix : Bien que l&#8217;acceptation des cookies soit n\u00e9cessaire pour acc\u00e9der au site web, vous avez le contr\u00f4le sur le type de cookies que vous choisissez d&#8217;accepter. La plupart des navigateurs web vous permettent de g\u00e9rer vos pr\u00e9f\u00e9rences en mati\u00e8re de cookies. Toutefois, la d\u00e9sactivation des cookies peut limiter votre capacit\u00e9 \u00e0 utiliser certaines fonctionnalit\u00e9s de notre site.<\/p>\n\n\n\n<p>Consentement : En acceptant les cookies, vous consentez \u00e0 ce que nous les utilisions aux fins d\u00e9crites dans la pr\u00e9sente politique en mati\u00e8re de cookies, y compris pour am\u00e9liorer la s\u00e9curit\u00e9 de notre site.<\/p>\n\n\n\n<p>Pour de plus amples informations sur notre politique en mati\u00e8re de cookies ou sur la mani\u00e8re de g\u00e9rer vos pr\u00e9f\u00e9rences en mati\u00e8re de cookies, veuillez nous contacter \u00e0 l&#8217;adresse john@jnw.me.<\/p>\n\n\n\n<p>Modifications de notre politique en mati\u00e8re de cookies : Nous nous r\u00e9servons le droit de modifier cette politique \u00e0 tout moment pour refl\u00e9ter les changements dans nos pratiques ou pour d&#8217;autres raisons op\u00e9rationnelles, juridiques ou r\u00e9glementaires.<\/p>\n\n\n\n<p>Nous vous remercions d&#8217;avoir choisi JNW pour r\u00e9pondre \u00e0 vos besoins.<\/p>\n\n\n\n<p>Contact :<\/p>\n\n\n\n<p>John Wang<br>john@jnw.me<\/p>\n\n\n\n<p>514-884-6128<\/p>","protected":false},"excerpt":{"rendered":"<p>Pour de plus amples informations sur notre politique en mati\u00e8re de cookies ou sur la mani\u00e8re de g\u00e9rer vos pr\u00e9f\u00e9rences en mati\u00e8re de cookies, veuillez nous contacter \u00e0 l&#8217;adresse john@jnw.me. Modifications de notre politique en mati\u00e8re de cookies : Nous nous r\u00e9servons le droit de modifier cette politique \u00e0 tout moment pour refl\u00e9ter les changements &hellip;<\/p>\n<p class=\"read-more\"> <a class=\"\" href=\"https:\/\/jnw.me\/fr\/politique\/\"> <span class=\"screen-reader-text\">Politique<\/span> Lire la suite\u00a0\u00bb<\/a><\/p>","protected":false},"author":1,"featured_media":0,"parent":0,"menu_order":0,"comment_status":"closed","ping_status":"closed","template":"","meta":{"om_disable_all_campaigns":false,"_uag_custom_page_level_css":"","site-sidebar-layout":"default","site-content-layout":"","ast-site-content-layout":"default","site-content-style":"default","site-sidebar-style":"default","ast-global-header-display":"","ast-banner-title-visibility":"","ast-main-header-display":"","ast-hfb-above-header-display":"","ast-hfb-below-header-display":"","ast-hfb-mobile-header-display":"","site-post-title":"","ast-breadcrumbs-content":"","ast-featured-img":"","footer-sml-layout":"","theme-transparent-header-meta":"","adv-header-id-meta":"","stick-header-meta":"","header-above-stick-meta":"","header-main-stick-meta":"","header-below-stick-meta":"","astra-migrate-meta-layouts":"set","ast-page-background-enabled":"default","ast-page-background-meta":{"desktop":{"background-color":"","background-image":"","background-repeat":"repeat","background-position":"center center","background-size":"auto","background-attachment":"scroll","background-type":"","background-media":"","overlay-type":"","overlay-color":"","overlay-gradient":""},"tablet":{"background-color":"","background-image":"","background-repeat":"repeat","background-position":"center center","background-size":"auto","background-attachment":"scroll","background-type":"","background-media":"","overlay-type":"","overlay-color":"","overlay-gradient":""},"mobile":{"background-color":"","background-image":"","background-repeat":"repeat","background-position":"center center","background-size":"auto","background-attachment":"scroll","background-type":"","background-media":"","overlay-type":"","overlay-color":"","overlay-gradient":""}},"ast-content-background-meta":{"desktop":{"background-color":"var(--ast-global-color-5)","background-image":"","background-repeat":"repeat","background-position":"center center","background-size":"auto","background-attachment":"scroll","background-type":"","background-media":"","overlay-type":"","overlay-color":"","overlay-gradient":""},"tablet":{"background-color":"var(--ast-global-color-5)","background-image":"","background-repeat":"repeat","background-position":"center center","background-size":"auto","background-attachment":"scroll","background-type":"","background-media":"","overlay-type":"","overlay-color":"","overlay-gradient":""},"mobile":{"background-color":"var(--ast-global-color-5)","background-image":"","background-repeat":"repeat","background-position":"center center","background-size":"auto","background-attachment":"scroll","background-type":"","background-media":"","overlay-type":"","overlay-color":"","overlay-gradient":""}},"footnotes":""},"class_list":["post-2903","page","type-page","status-publish","hentry"],"uagb_featured_image_src":{"full":false,"thumbnail":false,"medium":false,"medium_large":false,"large":false,"1536x1536":false,"2048x2048":false,"trp-custom-language-flag":false},"uagb_author_info":{"display_name":"admin","author_link":"https:\/\/jnw.me\/fr\/author\/admin\/"},"uagb_comment_info":0,"uagb_excerpt":"Pour de plus amples informations sur notre politique en mati\u00e8re de cookies ou sur la mani\u00e8re de g\u00e9rer vos pr\u00e9f\u00e9rences en mati\u00e8re de cookies, veuillez nous contacter \u00e0 l&#8217;adresse john@jnw.me. Modifications de notre politique en mati\u00e8re de cookies : Nous nous r\u00e9servons le droit de modifier cette politique \u00e0 tout moment pour refl\u00e9ter les changements&hellip;","_links":{"self":[{"href":"https:\/\/jnw.me\/fr\/wp-json\/wp\/v2\/pages\/2903","targetHints":{"allow":["GET"]}}],"collection":[{"href":"https:\/\/jnw.me\/fr\/wp-json\/wp\/v2\/pages"}],"about":[{"href":"https:\/\/jnw.me\/fr\/wp-json\/wp\/v2\/types\/page"}],"author":[{"embeddable":true,"href":"https:\/\/jnw.me\/fr\/wp-json\/wp\/v2\/users\/1"}],"replies":[{"embeddable":true,"href":"https:\/\/jnw.me\/fr\/wp-json\/wp\/v2\/comments?post=2903"}],"version-history":[{"count":4,"href":"https:\/\/jnw.me\/fr\/wp-json\/wp\/v2\/pages\/2903\/revisions"}],"predecessor-version":[{"id":2914,"href":"https:\/\/jnw.me\/fr\/wp-json\/wp\/v2\/pages\/2903\/revisions\/2914"}],"wp:attachment":[{"href":"https:\/\/jnw.me\/fr\/wp-json\/wp\/v2\/media?parent=2903"}],"curies":[{"name":"wp","href":"https:\/\/api.w.org\/{rel}","templated":true}]}}